{"id":180,"date":"2025-05-23T11:35:48","date_gmt":"2025-05-23T09:35:48","guid":{"rendered":"https:\/\/laleydemantua.es\/shop\/index.php\/producto\/disco-calma\/"},"modified":"2025-05-23T11:35:49","modified_gmt":"2025-05-23T09:35:49","slug":"disco-calma","status":"publish","type":"product","link":"https:\/\/laleydemantua.es\/shop\/index.php\/producto\/disco-calma\/","title":{"rendered":"Disco Calma"},"content":{"rendered":"<p>Un trabajo inspirado en toda su experiencia de directo fraguada en los \u00faltimos a\u00f1os y en las vivencias recopiladas en todo este tiempo. En esta ocasi\u00f3n, vuelven a repetir con Iker Arranz y apuestan por un trabajo m\u00e1s intenso, con una orientaci\u00f3n m\u00e1s independiente y alternativa y una carga emocional superior, si cabe, al resto de sus trabajos.<\/p>\n","protected":false},"excerpt":{"rendered":"<p>Un trabajo inspirado en toda su experiencia de directo fraguada en los \u00faltimos a\u00f1os y en las vivencias recopiladas en todo este tiempo. En esta ocasi\u00f3n, vuelven a repetir con Iker Arranz y apuestan por un trabajo m\u00e1s intenso, con una orientaci\u00f3n m\u00e1s independiente y alternativa y una carga emocional superior, si cabe, al resto [&hellip;]<\/p>\n","protected":false},"featured_media":95,"comment_status":"closed","ping_status":"closed","template":"","meta":[],"product_brand":[],"product_cat":[15],"product_tag":[],"class_list":{"0":"post-180","1":"product","2":"type-product","3":"status-publish","4":"has-post-thumbnail","6":"product_cat-sin-categorizar","8":"first","9":"instock","10":"featured","11":"shipping-taxable","12":"purchasable","13":"product-type-simple"},"_links":{"self":[{"href":"https:\/\/laleydemantua.es\/shop\/index.php\/wp-json\/wp\/v2\/product\/180","targetHints":{"allow":["GET"]}}],"collection":[{"href":"https:\/\/laleydemantua.es\/shop\/index.php\/wp-json\/wp\/v2\/product"}],"about":[{"href":"https:\/\/laleydemantua.es\/shop\/index.php\/wp-json\/wp\/v2\/types\/product"}],"replies":[{"embeddable":true,"href":"https:\/\/laleydemantua.es\/shop\/index.php\/wp-json\/wp\/v2\/comments?post=180"}],"wp:featuredmedia":[{"embeddable":true,"href":"https:\/\/laleydemantua.es\/shop\/index.php\/wp-json\/wp\/v2\/media\/95"}],"wp:attachment":[{"href":"https:\/\/laleydemantua.es\/shop\/index.php\/wp-json\/wp\/v2\/media?parent=180"}],"wp:term":[{"taxonomy":"product_brand","embeddable":true,"href":"https:\/\/laleydemantua.es\/shop\/index.php\/wp-json\/wp\/v2\/product_brand?post=180"},{"taxonomy":"product_cat","embeddable":true,"href":"https:\/\/laleydemantua.es\/shop\/index.php\/wp-json\/wp\/v2\/product_cat?post=180"},{"taxonomy":"product_tag","embeddable":true,"href":"https:\/\/laleydemantua.es\/shop\/index.php\/wp-json\/wp\/v2\/product_tag?post=180"}],"curies":[{"name":"wp","href":"https:\/\/api.w.org\/{rel}","templated":true}]}}